{"id":12392,"date":"2019-03-05T21:00:08","date_gmt":"2019-03-05T20:00:08","guid":{"rendered":"http:\/\/www.rhizom.de\/wandern\/?page_id=12392"},"modified":"2019-04-03T12:57:51","modified_gmt":"2019-04-03T10:57:51","slug":"memento-mori","status":"publish","type":"page","link":"http:\/\/www.rhizom.de\/wandern\/memento-mori\/","title":{"rendered":"Memento mori"},"content":{"rendered":"<p style=\"text-align: center;\"><strong>Wor\u00fcber ich aktuell nicht nachdenken wollte, aber von aktiven Idioten gezwungen werde, das stand in meinem Blog einen Monat lang auf der ersten Seite:<br \/>\n<\/strong><br \/>\n1. \u00fcber atomare Aufr\u00fcstung<br \/>\n2. \u00fcber Sepulkralkultur und Totenkult im Kulturvergleich<\/p>\n<figure id=\"attachment_12276\" aria-describedby=\"caption-attachment-12276\" style=\"width: 290px\" class=\"wp-caption aligncenter\"><img loading=\"lazy\" class=\"size-full wp-image-12276\" src=\"http:\/\/www.rhizom.de\/wandern\/wp-content\/uploads\/2017\/08\/20190223_Lapidarium-Zanzhausen.jpg\" alt=\"Lapidarium Zanzhausen. Hier befand sich der deutsche, evangelische Friedhof Zanzhausen. Das Lapidarium wurde 2006 durch B\u00fcrger von Santoszno\/Polen 2006 in ehrenamtlicher Arbeit angelegt.\" width=\"300\" height=\"225\" \/><figcaption id=\"caption-attachment-12276\" class=\"wp-caption-text\"><a href=\"http:\/\/www.rhizom.de\/wandern\/2019\/02\/25\/zanze-polen\/\" target=\"_blank\" rel=\"noopener\">Lapidarium Zanzhausen, ehemaliger deutscher, evangelischer Friedhof<\/a>, 2006 in ehrenamtlicher Arbeit durch die polnischen B\u00fcrger von Santoczno angelegt<\/figcaption><\/figure>\n<p style=\"text-align: center;\">Wenigstens kann ich meine Stimme erheben: gegen Bebauung von nicht mehr von Normalos bezahlbaren und daher! nicht mehr ausgelasteten Friedh\u00f6fen mit Sozialwohnungen (f\u00fcr Fl\u00fcchtlinge &#8211; so konkret Pfarrer J. Quandt, Heilig-Kreuz-Kirche Berlin Kreuzberg in einem inforadio-Interview\u2192 dazu die <a href=\"https:\/\/www.ekbo.de\/themen\/detail\/nachricht\/festakt-friedhoefe-im-wandel.html\" target=\"_blank\" rel=\"noopener\">evangelischen Worth\u00fclsen<\/a>).<\/p>\n<figure id=\"attachment_12016\" aria-describedby=\"caption-attachment-12016\" style=\"width: 290px\" class=\"wp-caption aligncenter\"><img loading=\"lazy\" class=\"size-full wp-image-12016\" src=\"http:\/\/www.rhizom.de\/wandern\/wp-content\/uploads\/2017\/08\/wer-baute-das-siebentorige-Theben.jpg\" alt=\"...wer baute das siebentorige Theben..., Friedhof Stahnsdorf\" width=\"300\" height=\"225\" \/><figcaption id=\"caption-attachment-12016\" class=\"wp-caption-text\">&#8230;wer baute das siebentorige Theben&#8230; mehr ist ohne das bisherige Sterbegeld von vielen nicht bezahlbar in Deutschland<\/figcaption><\/figure>\n<p style=\"text-align: center;\">Ach, lasse ich doch <a href=\"http:\/\/www.transodra-online.net\/de\/node\/1404\" target=\"_blank\" rel=\"noopener\">\u2192 andere f\u00fcr mich<\/a> sprechen und andeuten, was sp\u00e4tere Mieter denken k\u00f6nnten in berechtigter Verachtung nicht nur der einzelnen Gutmenschen, sondern unserer gesamten Kultur einschlie\u00dflich alles Denkmalgefasels.<br \/>\nPasst in den Zusammenhang: in Brandenburg wurde (nicht nur) der Bad Freienwalder j\u00fcdische Friedhof erst nach 1945 abger\u00e4umt und eingeebnet. War wohl normal f\u00fcr die pragmatischen Preu\u00dfen protestantischen Glaubens&#8230;<a href=\"http:\/\/www.rhizom.de\/wandern\/steine\/\" target=\"popup\" rel=\"noopener\">***<\/a><\/p>\n<p>&nbsp;<\/p>\n<p style=\"text-align: center;\"><strong>Und heute, M\u00e4rz 2019? Gibt es diese Zusammenh\u00e4nge? Gibt es sie nicht?<br \/>\nIch tue mich schwer zu berichten. Ich war wandern und will nicht warten bis offiziell bereinigt wird &#8211; wider das Vergessen.<\/strong><\/p>\n<p>&nbsp;<\/p>\n<h2>Friedh\u00f6fe in Oderberg, Schwedt und Angerm\u00fcnde<\/h2>\n<p>Es sind j\u00fcdische Friedh\u00f6fe. Die dauerhafte Totenruhe gilt im Judentum als verbindlich. Der Stein bleibt bestehen. Die Gr\u00e4ber werden von Efeu und Gras \u00fcberwachsen.<\/p>\n<figure id=\"attachment_12161\" aria-describedby=\"caption-attachment-12161\" style=\"width: 758px\" class=\"wp-caption aligncenter\"><img loading=\"lazy\" class=\"size-full wp-image-12161\" src=\"http:\/\/www.rhizom.de\/wandern\/wp-content\/uploads\/2017\/08\/20190212-Oderberg-Ewigkeit.jpg\" alt=\"12.2.2019, Friedhof in Oderberg\" width=\"768\" height=\"444\" srcset=\"http:\/\/www.rhizom.de\/wandern\/wp-content\/uploads\/2017\/08\/20190212-Oderberg-Ewigkeit.jpg 768w, http:\/\/www.rhizom.de\/wandern\/wp-content\/uploads\/2017\/08\/20190212-Oderberg-Ewigkeit-300x173.jpg 300w\" sizes=\"(max-width: 768px) 100vw, 768px\" \/><figcaption id=\"caption-attachment-12161\" class=\"wp-caption-text\">12.2.2019, Friedhof in Oderberg, Ende der 90er Jahre wurden die Grabmale gesch\u00e4ndet<\/figcaption><\/figure>\n<p>In Oderberg ist das Geschehen der j\u00fcngsten Sch\u00e4ndung pr\u00e4sent. Mir wird bedeutet, dass es nicht im Interesse der Oderberger liegt, \u00f6ffentlich zu verbreiten, wo sich der Friedhof befindet. Ich habe ihn gesucht und eher zuf\u00e4llig gefunden. Auf Fragen im Ort bekam ich mehrfach erstaunte Reaktion: ein j\u00fcdischer Friedhof? Nie geh\u00f6rt.<br \/>\nEbenso zuf\u00e4llig fand ich auf der Suche nach einem Ziel f\u00fcr eine kurze Wanderung einen Zusammenhang der Friedh\u00f6fe Oderberg, Angerm\u00fcnde und Schwedt.<\/p>\n<figure id=\"attachment_12486\" aria-describedby=\"caption-attachment-12486\" style=\"width: 758px\" class=\"wp-caption aligncenter\"><img loading=\"lazy\" class=\"size-full wp-image-12486\" src=\"http:\/\/www.rhizom.de\/wandern\/wp-content\/uploads\/2019\/03\/20190307_Schwedt-Friedhof.jpg\" alt=\"Friedhof in Schwedt. Die Stadt wurde seit 1997 geschrumpft, nun wird wieder vom Feinsten gebaut. Heile Welt. Wohl doch nicht. Der j\u00fcdische Friedhof kann lt. wikipedia besichtigt werden. Vielleicht: zug\u00e4nglich ist er nicht (Stand 2019).\" width=\"768\" height=\"444\" srcset=\"http:\/\/www.rhizom.de\/wandern\/wp-content\/uploads\/2019\/03\/20190307_Schwedt-Friedhof.jpg 768w, http:\/\/www.rhizom.de\/wandern\/wp-content\/uploads\/2019\/03\/20190307_Schwedt-Friedhof-300x173.jpg 300w\" sizes=\"(max-width: 768px) 100vw, 768px\" \/><figcaption id=\"caption-attachment-12486\" class=\"wp-caption-text\">Schwedt als Stadt wurde seit 1997 geschrumpft, nun wird wieder vom Feinsten gebaut. Heile Welt. Wohl nicht. Der j\u00fcdische Friedhof kann lt. wikipedia &#8220;besichtigt&#8221; werden. Zug\u00e4nglich ist er nicht (Stand M\u00e4rz 2019).<\/figcaption><\/figure>\n<p>Die Toten der j\u00fcdischen Gemeinde Angerm\u00fcnde wurden einst auf den j\u00fcdischen Friedh\u00f6fen in Schwedt und in Oderberg beigesetzt.<br \/>\nHier drei weitere Fotos vom gepflegten, j\u00fcdischen Friedhof in Schwedt:<br \/>\n\u2192 <a href=\"http:\/\/www.rhizom.de\/wandern\/wp-content\/uploads\/2019\/03\/20190307_Taharahaus-Schwedt.jpg\" target=\"_blank\" rel=\"noopener\">Mauer mit wahrscheinlich einstigem Taharahaus<\/a> \u2192 <a href=\"http:\/\/www.rhizom.de\/wandern\/wp-content\/uploads\/2019\/03\/20190307_juedischer-Friedhof-Schwedt.jpg\" target=\"_blank\" rel=\"noopener\">Schwedter Friedhof I<\/a> \u2192 <a href=\"http:\/\/www.rhizom.de\/wandern\/wp-content\/uploads\/2019\/03\/20190307_juedischer-Friedhof-Schwedt-1.jpg\" target=\"_blank\" rel=\"noopener\">Schwedter Friedhof II<\/a><\/p>\n<p>1709 war es wegen einer ausgebrochenen Pest in Angerm\u00fcnde nicht m\u00f6glich, Tote dorthin zu bringen. Die j\u00fcdische Gemeinde legte einen eigenen Friedhof in Angerm\u00fcnde an. 1835 wurde der Friedhof auf dem kleinen Berg erweitert und war bis in die NS-Zeit belegt.<br \/>\nNach dem Novemberpogrom 1938 beschlagnahmte die Stadt das Friedhofsgel\u00e4nde und verkaufte es 1942 an die Eigent\u00fcmer der davor liegenden H\u00e4user.<br \/>\n<em>Namenlose Eigent\u00fcmer? Namenlose Mieter?<\/em><\/p>\n<figure id=\"attachment_12451\" aria-describedby=\"caption-attachment-12451\" style=\"width: 758px\" class=\"wp-caption aligncenter\"><img loading=\"lazy\" class=\"size-full wp-image-12451\" src=\"http:\/\/www.rhizom.de\/wandern\/wp-content\/uploads\/2019\/03\/20190304-Wolletzsee-Adlerquelle.jpg\" alt=\"An der Adlerquelle Wolletzsee\" width=\"768\" height=\"444\" srcset=\"http:\/\/www.rhizom.de\/wandern\/wp-content\/uploads\/2019\/03\/20190304-Wolletzsee-Adlerquelle.jpg 768w, http:\/\/www.rhizom.de\/wandern\/wp-content\/uploads\/2019\/03\/20190304-Wolletzsee-Adlerquelle-300x173.jpg 300w\" sizes=\"(max-width: 768px) 100vw, 768px\" \/><figcaption id=\"caption-attachment-12451\" class=\"wp-caption-text\">An der Adlerquelle Wolletzsee<\/figcaption><\/figure>\n<p>Ein Teil der Grabsteine wurden an einen <em>(welchen?)<\/em> Steinmetzmeister verkauft. Sie wurden verwendet als Parkb\u00e4nke, zur Anlage einer Treppe und zur Befestigung der Adlerquelle am Wolletzsee. 1974 wurden von einem Anlieger drei LKW-H\u00e4nger mit noch auf dem Gel\u00e4nde gestapelten Grabsteinen zur Sonderm\u00fclldeponie nach Schwedt gefahren &#8211; wird <em>(von welchem Anlieger?)<\/em> berichtet.<br \/>\nEs sind nur einige Grabsteinbruchst\u00fccke erhalten; der Friedhof ist zu einer Gartenanlage geworden. Die 1914 erbaute Friedhofshalle wird als Garage zweckentfremdet.<br \/>\nSo ein Bericht im Internet \u2192 <a href=\"http:\/\/www.alemannia-judaica.de\/brandenburg_friedhoefe_1a.htm#Angerm%C3%BCnde%20(UM)\" target=\"_blank\" rel=\"noopener\"> Stand: 02. Februar 2018<\/a>.<\/p>\n<h3><strong>Angerm\u00fcnde, J\u00fcdischer Friedhof. Stand: 4. M\u00e4rz 2019<\/strong><\/h3>\n<p>Am Ende des Durchganges Angerm\u00fcnde, Puschkinstra\u00dfe 3-4: die kleine Friedhofshalle ist restauriert, unmittelbar rechts daneben eine Gedenktafel der Stadt Angerm\u00fcnde.<\/p>\n<figure id=\"attachment_12453\" aria-describedby=\"caption-attachment-12453\" style=\"width: 758px\" class=\"wp-caption aligncenter\"><img loading=\"lazy\" class=\"size-full wp-image-12453\" src=\"http:\/\/www.rhizom.de\/wandern\/wp-content\/uploads\/2019\/03\/20190304_Angermuende-Gedenktafel.jpg\" alt=\"Angerm\u00fcnde, Gedenktafel\" width=\"768\" height=\"444\" srcset=\"http:\/\/www.rhizom.de\/wandern\/wp-content\/uploads\/2019\/03\/20190304_Angermuende-Gedenktafel.jpg 768w, http:\/\/www.rhizom.de\/wandern\/wp-content\/uploads\/2019\/03\/20190304_Angermuende-Gedenktafel-300x173.jpg 300w\" sizes=\"(max-width: 768px) 100vw, 768px\" \/><figcaption id=\"caption-attachment-12453\" class=\"wp-caption-text\">Angerm\u00fcnde, 4. M\u00e4rz 2019. Gedenktafel**<\/figcaption><\/figure>\n<h3 style=\"text-align: center; color: #999999;\">Denn wir wandeln im Glauben und nicht im Schauen.<\/h3>\n<p style=\"text-align: center; color: #999999;\">2 Korinther 5:7,\u00a0Lutherbibel<\/p>\n<p><img loading=\"lazy\" class=\"aligncenter size-full wp-image-12424\" src=\"http:\/\/www.rhizom.de\/wandern\/wp-content\/uploads\/2019\/03\/20190304-der-Garten-auf-dem-Berg.jpg\" alt=\"Angerm\u00fcnde, j\u00fcdischer Friedhof, 04.03.2019\" width=\"768\" height=\"444\" srcset=\"http:\/\/www.rhizom.de\/wandern\/wp-content\/uploads\/2019\/03\/20190304-der-Garten-auf-dem-Berg.jpg 768w, http:\/\/www.rhizom.de\/wandern\/wp-content\/uploads\/2019\/03\/20190304-der-Garten-auf-dem-Berg-300x173.jpg 300w\" sizes=\"(max-width: 768px) 100vw, 768px\" \/><br \/>\n<img loading=\"lazy\" class=\"aligncenter size-full wp-image-12425\" src=\"http:\/\/www.rhizom.de\/wandern\/wp-content\/uploads\/2019\/03\/20190304-Fundstueck-unter-Gebuesch.jpg\" alt=\"Angerm\u00fcnde, j\u00fcdischer Friedhof, 04.03.2019\" width=\"768\" height=\"444\" srcset=\"http:\/\/www.rhizom.de\/wandern\/wp-content\/uploads\/2019\/03\/20190304-Fundstueck-unter-Gebuesch.jpg 768w, http:\/\/www.rhizom.de\/wandern\/wp-content\/uploads\/2019\/03\/20190304-Fundstueck-unter-Gebuesch-300x173.jpg 300w\" sizes=\"(max-width: 768px) 100vw, 768px\" \/><br \/>\n<img loading=\"lazy\" class=\"aligncenter size-full wp-image-12426\" src=\"http:\/\/www.rhizom.de\/wandern\/wp-content\/uploads\/2019\/03\/20190304-versteckt.jpg\" alt=\"Angerm\u00fcnde, j\u00fcdischer Friedhof, 04.03.2019\" width=\"768\" height=\"444\" srcset=\"http:\/\/www.rhizom.de\/wandern\/wp-content\/uploads\/2019\/03\/20190304-versteckt.jpg 768w, http:\/\/www.rhizom.de\/wandern\/wp-content\/uploads\/2019\/03\/20190304-versteckt-300x173.jpg 300w\" sizes=\"(max-width: 768px) 100vw, 768px\" \/><br \/>\n<img loading=\"lazy\" class=\"aligncenter size-full wp-image-12427\" src=\"http:\/\/www.rhizom.de\/wandern\/wp-content\/uploads\/2019\/03\/20190304-der-Berg.jpg\" alt=\"Angerm\u00fcnde, j\u00fcdischer Friedhof, 04.03.2019\" width=\"768\" height=\"444\" srcset=\"http:\/\/www.rhizom.de\/wandern\/wp-content\/uploads\/2019\/03\/20190304-der-Berg.jpg 768w, http:\/\/www.rhizom.de\/wandern\/wp-content\/uploads\/2019\/03\/20190304-der-Berg-300x173.jpg 300w\" sizes=\"(max-width: 768px) 100vw, 768px\" \/><br \/>\n<img loading=\"lazy\" class=\"aligncenter size-full wp-image-12428\" src=\"http:\/\/www.rhizom.de\/wandern\/wp-content\/uploads\/2019\/03\/20190304-die-Anwohner.jpg\" alt=\"Angerm\u00fcnde, j\u00fcdischer Friedhof, 04.03.2019\" width=\"768\" height=\"444\" srcset=\"http:\/\/www.rhizom.de\/wandern\/wp-content\/uploads\/2019\/03\/20190304-die-Anwohner.jpg 768w, http:\/\/www.rhizom.de\/wandern\/wp-content\/uploads\/2019\/03\/20190304-die-Anwohner-300x173.jpg 300w\" sizes=\"(max-width: 768px) 100vw, 768px\" \/><br \/>\n<img loading=\"lazy\" class=\"aligncenter size-full wp-image-12429\" src=\"http:\/\/www.rhizom.de\/wandern\/wp-content\/uploads\/2019\/03\/20190304-ganz-aktuell.jpg\" alt=\"Angerm\u00fcnde, j\u00fcdischer Friedhof, 04.03.2019\" width=\"768\" height=\"444\" srcset=\"http:\/\/www.rhizom.de\/wandern\/wp-content\/uploads\/2019\/03\/20190304-ganz-aktuell.jpg 768w, http:\/\/www.rhizom.de\/wandern\/wp-content\/uploads\/2019\/03\/20190304-ganz-aktuell-300x173.jpg 300w\" sizes=\"(max-width: 768px) 100vw, 768px\" \/><br \/>\n<img loading=\"lazy\" class=\"aligncenter size-full wp-image-12430\" src=\"http:\/\/www.rhizom.de\/wandern\/wp-content\/uploads\/2019\/03\/20190304-abfackeln.jpg\" alt=\"Angerm\u00fcnde, j\u00fcdischer Friedhof, 04.03.2019\" width=\"768\" height=\"444\" srcset=\"http:\/\/www.rhizom.de\/wandern\/wp-content\/uploads\/2019\/03\/20190304-abfackeln.jpg 768w, http:\/\/www.rhizom.de\/wandern\/wp-content\/uploads\/2019\/03\/20190304-abfackeln-300x173.jpg 300w\" sizes=\"(max-width: 768px) 100vw, 768px\" \/><br \/>\n<img loading=\"lazy\" class=\"aligncenter size-full wp-image-12431\" src=\"http:\/\/www.rhizom.de\/wandern\/wp-content\/uploads\/2019\/03\/20190304-halbherzige-Raeumung.jpg\" alt=\"Angerm\u00fcnde, j\u00fcdischer Friedhof, 04.03.2019\" width=\"768\" height=\"444\" srcset=\"http:\/\/www.rhizom.de\/wandern\/wp-content\/uploads\/2019\/03\/20190304-halbherzige-Raeumung.jpg 768w, http:\/\/www.rhizom.de\/wandern\/wp-content\/uploads\/2019\/03\/20190304-halbherzige-Raeumung-300x173.jpg 300w\" sizes=\"(max-width: 768px) 100vw, 768px\" \/><br \/>\n<img loading=\"lazy\" class=\"aligncenter size-full wp-image-12432\" src=\"http:\/\/www.rhizom.de\/wandern\/wp-content\/uploads\/2019\/03\/20190304-toter-Fuchs.jpg\" alt=\"Angerm\u00fcnde, j\u00fcdischer Friedhof, 04.03.2019\" width=\"768\" height=\"444\" srcset=\"http:\/\/www.rhizom.de\/wandern\/wp-content\/uploads\/2019\/03\/20190304-toter-Fuchs.jpg 768w, http:\/\/www.rhizom.de\/wandern\/wp-content\/uploads\/2019\/03\/20190304-toter-Fuchs-300x173.jpg 300w\" sizes=\"(max-width: 768px) 100vw, 768px\" \/><br \/>\n<img loading=\"lazy\" class=\"aligncenter size-full wp-image-12433\" src=\"http:\/\/www.rhizom.de\/wandern\/wp-content\/uploads\/2019\/03\/20190304-Friedhofshalle.jpg\" alt=\"Angerm\u00fcnde, j\u00fcdischer Friedhof, 04.03.2019\" width=\"768\" height=\"444\" srcset=\"http:\/\/www.rhizom.de\/wandern\/wp-content\/uploads\/2019\/03\/20190304-Friedhofshalle.jpg 768w, http:\/\/www.rhizom.de\/wandern\/wp-content\/uploads\/2019\/03\/20190304-Friedhofshalle-300x173.jpg 300w\" sizes=\"(max-width: 768px) 100vw, 768px\" \/><\/p>\n<p>\u00dcbrigens liegt mitten auf der Wiese kein schlafender, sondern ein toter Fuchs.<br \/>\nAber die Menschen, ach die Menschen: sehen wir doch mit den Augen von Ehm Welk die Angerm\u00fcnder Uckerm\u00e4rker &#8211; liebevolle, kleine &#8220;Ketzer&#8221;.<br \/>\nUnd eine Stadtarchivarin, die sich um Stolpersteine f\u00fcr die Familien Gerson und Freundlich bem\u00fcht hat, etc. etc.<br \/>\nMan kann doch wirklich nicht \u00fcberall und st\u00e4ndig hinschauen.<\/p>\n<p><strong>Das Land Brandenburg ist zum Wiederaufbau und zum Erhalt j\u00fcdischen Erbes und j\u00fcdischen Gemeindelebens durch einen deutschen<\/strong> \u2192 <a href=\"http:\/\/www.lvjg-brandenburg.de\/Uber-uns\/StaatsVertrag.pdf\" target=\"_blank\" rel=\"noopener\"><strong>Staatsvertrag<\/strong><\/a> <strong>von 1989 verpflichtet.<\/strong><br \/>\nNachzulesen sind dazu Auseinandersetzungen aus Sicht der \u2192 <a href=\"http:\/\/toratreu.de\/vor_nach\/nach.php\" target=\"_blank\" rel=\"noopener\">Gesetzestreuen J\u00fcdischen Landesgemeinde Brandenburg<\/a>. Ja, w\u00e4re alles einfach&#8230;<br \/>\n2009 nimmt der Landesverband der J\u00fcdischen Gemeinden Land Brandenburg zur \u2192 <a href=\"https:\/\/mwfk.brandenburg.de\/media\/lbm1.a.1492.de\/18stellungnahme.pdf\" target=\"_blank\" rel=\"noopener\">Erf\u00fcllung des Staatsvertrages<\/a> Stellung:<\/p>\n<h3>&#8220;Wir versp\u00fcren im Konzept weniger von der Verinnerlichung der Geschichte des Landes durch deren Menschen.&#8221;<\/h3>\n<p>&#8230;&#8221;Geschichte des Landes&#8221; und &#8220;Verinnerlichung&#8221;&#8230;<br \/>\nAuch auf Berliner Friedh\u00f6fen wurden in den vergangenen Jahren wiederholt Grabm\u00e4ler zerst\u00f6rt und gesch\u00e4ndet, jenseits von st\u00e4dtischen Ehrengr\u00e4bern abger\u00e4umt sowieso &#8211; unabh\u00e4ngig von der Konfession. Passt die &#8220;normale&#8221; Entweihung, Vernichtung, Zerst\u00f6rung in den Zusammenhang Antisemitismus? Aus meiner Sicht: ja &#8211; im Sinne der Verinnerlichung der Geschichte unseres Landes, einer Geschichte unseres sogenannten Abendlandes und einer Weltgeschichte und einer zuk\u00fcnftigen Geschichte und Geschichtsschreibung durch uns Menschen.<\/p>\n<p style=\"text-align: right;\">** Ich suche nach Namen. Erst im <a href=\"http:\/\/www.bundesarchiv.de\/gedenkbuch\/directory.html.de?result#frmResults\" target=\"_blank\" rel=\"noopener\">\u2192 Bundesarchiv<\/a> finde ich Namen von ermordeten Angerm\u00fcnder Juden. Und die j\u00fcdischen Menschen aus noch fr\u00fcheren Jahren? Wenn nicht auf dem Friedhof, dann unter den S\u00f6hnen und T\u00f6chtern von Angerm\u00fcnde bei Wikipedia: doch wo bin ich hier am 5.3.2019 hingeraten? &#8230; namentlich ein Vizeadmiral im Zweiten Weltkrieg; ein Politiker NSDAP; ein SS-F\u00fchrer.<\/p>\n<p style=\"text-align: right;\"><a href=\"http:\/\/www.rhizom.de\/wandern\/2019\/03\/05\/angermuende\/\">\u2192 zur\u00fcck<\/a> zu meiner Angerm\u00fcnder Wanderung, 04.03.2019<\/p>\n<p style=\"text-align: right;\"><a href=\"http:\/\/www.rhizom.de\/wandern\/kremmen-orion\/\">\u2192 erg\u00e4nzend der allgemeine und der j\u00fcdische Friedhof in Kremmen Orion<\/a><\/p>\n","protected":false},"excerpt":{"rendered":"<p>Wor\u00fcber ich aktuell nicht nachdenken wollte, aber von aktiven Idioten gezwungen werde, das stand in meinem Blog einen Monat lang auf der ersten Seite: 1. \u00fcber atomare Aufr\u00fcstung 2. \u00fcber Sepulkralkultur und Totenkult im Kulturvergleich Wenigstens kann ich meine Stimme erheben: gegen Bebauung von nicht mehr von Normalos bezahlbaren und daher! nicht mehr ausgelasteten Friedh\u00f6fen &#8230; <a title=\"Memento mori\" class=\"read-more\" href=\"http:\/\/www.rhizom.de\/wandern\/memento-mori\/\">Read more<\/a><\/p>\n","protected":false},"author":1,"featured_media":0,"parent":0,"menu_order":0,"comment_status":"closed","ping_status":"closed","template":"","meta":{"generate_page_header":""},"tags":[],"_links":{"self":[{"href":"http:\/\/www.rhizom.de\/wandern\/wp-json\/wp\/v2\/pages\/12392"}],"collection":[{"href":"http:\/\/www.rhizom.de\/wandern\/wp-json\/wp\/v2\/pages"}],"about":[{"href":"http:\/\/www.rhizom.de\/wandern\/wp-json\/wp\/v2\/types\/page"}],"author":[{"embeddable":true,"href":"http:\/\/www.rhizom.de\/wandern\/wp-json\/wp\/v2\/users\/1"}],"replies":[{"embeddable":true,"href":"http:\/\/www.rhizom.de\/wandern\/wp-json\/wp\/v2\/comments?post=12392"}],"version-history":[{"count":55,"href":"http:\/\/www.rhizom.de\/wandern\/wp-json\/wp\/v2\/pages\/12392\/revisions"}],"predecessor-version":[{"id":12911,"href":"http:\/\/www.rhizom.de\/wandern\/wp-json\/wp\/v2\/pages\/12392\/revisions\/12911"}],"wp:attachment":[{"href":"http:\/\/www.rhizom.de\/wandern\/wp-json\/wp\/v2\/media?parent=12392"}],"wp:term":[{"taxonomy":"post_tag","embeddable":true,"href":"http:\/\/www.rhizom.de\/wandern\/wp-json\/wp\/v2\/tags?post=12392"}],"curies":[{"name":"wp","href":"https:\/\/api.w.org\/{rel}","templated":true}]}}