{"id":12612,"date":"2019-03-17T13:07:09","date_gmt":"2019-03-17T12:07:09","guid":{"rendered":"http:\/\/www.rhizom.de\/wandern\/?page_id=12612"},"modified":"2019-03-17T18:02:08","modified_gmt":"2019-03-17T17:02:08","slug":"froesche-von-chorin","status":"publish","type":"page","link":"http:\/\/www.rhizom.de\/wandern\/froesche-von-chorin\/","title":{"rendered":"Die Fr\u00f6sche von Chorin"},"content":{"rendered":"<p>Vom Bahnhof Chorin zum Amtssee am Kloster k\u00f6nnen etwas umwegig zwei Teiche umrundet werden. H\u00f6chst selten und nur aus gro\u00dfer Entfernung habe ich die hier in Unmengen lebenden Fr\u00f6sche quaken h\u00f6ren. Wirklich berichtet eine m\u00e4rkische Sage, dass die Fr\u00f6sche im kleinen Mariensee einst st\u00e4ndig mit gewaltigem Gequ\u00e4k die Andacht der M\u00f6nche st\u00f6rten. Da flehten die M\u00f6nche zu Gott, dass sie verstummen sollten. Augenblicklich und bis heute ist das fromme Gebet in Erf\u00fcllung gegangen.<br \/>\nDer Amtssee hie\u00df damals Mariensee und ist klein im Vergleich zum Parsteiner See, wo sich das Kloster anfangs befand. K\u00f6nnte sein, dass mit Gottes Umsicht den Fr\u00f6schen einfach nur ein totales M\u00fcckenparadies abgezweigt wurde und es niemals mehr Zeit gab, das Maul f\u00fcr anderes aufzutun.  <\/p>\n<p><img loading=\"lazy\" class=\"aligncenter size-full wp-image-12614\" src=\"http:\/\/www.rhizom.de\/wandern\/wp-content\/uploads\/2019\/03\/frosch.jpg\" alt=\"Die Fr\u00f6sche von Chorin\" width=\"150\" height=\"150\" \/><\/p>\n<p>&nbsp;<\/p>\n","protected":false},"excerpt":{"rendered":"<p>Vom Bahnhof Chorin zum Amtssee am Kloster k\u00f6nnen etwas umwegig zwei Teiche umrundet werden. H\u00f6chst selten und nur aus gro\u00dfer Entfernung habe ich die hier in Unmengen lebenden Fr\u00f6sche quaken h\u00f6ren. Wirklich berichtet eine m\u00e4rkische Sage, dass die Fr\u00f6sche im kleinen Mariensee einst st\u00e4ndig mit gewaltigem Gequ\u00e4k die Andacht der M\u00f6nche st\u00f6rten. Da flehten die &#8230; <a title=\"Die Fr\u00f6sche von Chorin\" class=\"read-more\" href=\"http:\/\/www.rhizom.de\/wandern\/froesche-von-chorin\/\">Read more<\/a><\/p>\n","protected":false},"author":1,"featured_media":0,"parent":0,"menu_order":0,"comment_status":"closed","ping_status":"closed","template":"","meta":{"generate_page_header":""},"tags":[],"_links":{"self":[{"href":"http:\/\/www.rhizom.de\/wandern\/wp-json\/wp\/v2\/pages\/12612"}],"collection":[{"href":"http:\/\/www.rhizom.de\/wandern\/wp-json\/wp\/v2\/pages"}],"about":[{"href":"http:\/\/www.rhizom.de\/wandern\/wp-json\/wp\/v2\/types\/page"}],"author":[{"embeddable":true,"href":"http:\/\/www.rhizom.de\/wandern\/wp-json\/wp\/v2\/users\/1"}],"replies":[{"embeddable":true,"href":"http:\/\/www.rhizom.de\/wandern\/wp-json\/wp\/v2\/comments?post=12612"}],"version-history":[{"count":8,"href":"http:\/\/www.rhizom.de\/wandern\/wp-json\/wp\/v2\/pages\/12612\/revisions"}],"predecessor-version":[{"id":12630,"href":"http:\/\/www.rhizom.de\/wandern\/wp-json\/wp\/v2\/pages\/12612\/revisions\/12630"}],"wp:attachment":[{"href":"http:\/\/www.rhizom.de\/wandern\/wp-json\/wp\/v2\/media?parent=12612"}],"wp:term":[{"taxonomy":"post_tag","embeddable":true,"href":"http:\/\/www.rhizom.de\/wandern\/wp-json\/wp\/v2\/tags?post=12612"}],"curies":[{"name":"wp","href":"https:\/\/api.w.org\/{rel}","templated":true}]}}