{"id":12866,"date":"2019-04-03T12:40:12","date_gmt":"2019-04-03T10:40:12","guid":{"rendered":"http:\/\/www.rhizom.de\/wandern\/?page_id=12866"},"modified":"2019-04-07T16:21:15","modified_gmt":"2019-04-07T14:21:15","slug":"kremmen-orion","status":"publish","type":"page","link":"http:\/\/www.rhizom.de\/wandern\/kremmen-orion\/","title":{"rendered":"Kremmen Orion"},"content":{"rendered":"<p><img loading=\"lazy\" class=\"aligncenter size-full wp-image-12867\" src=\"http:\/\/www.rhizom.de\/wandern\/wp-content\/uploads\/2019\/04\/20190327-Kremmen-Orion.jpg\" alt=\"\" width=\"768\" height=\"444\" srcset=\"http:\/\/www.rhizom.de\/wandern\/wp-content\/uploads\/2019\/04\/20190327-Kremmen-Orion.jpg 768w, http:\/\/www.rhizom.de\/wandern\/wp-content\/uploads\/2019\/04\/20190327-Kremmen-Orion-300x173.jpg 300w\" sizes=\"(max-width: 768px) 100vw, 768px\" \/><\/p>\n<p>Mit unserer Erinnerungskultur stimmt so wenig wie mit unserem Leben in Zeiten von Klimawandel und Kriegen jenseits unserer europ\u00e4ischen Grenzen. Qu\u00e4lend lange hab ich mit zu verzweigten Gedanken gebraucht, bis ich diese Friedhofsbilder eingebunden habe. Letztendlich fand ich eine Publikation, die so genau wie es im Rahmen eines Blogs niemals m\u00f6glich gewesen w\u00e4re, meinen Gedanken entspricht und mit umfassend konkreten Beispielen arbeitet:<\/p>\n<p><a href=\"https:\/\/www.politische-bildung-brandenburg.de\/publikationen\/pdf\/denkmaeler.pdf\" target=\"_blank\" rel=\"noopener\">Regina Scheer, DER UMGANG MIT DEN DENKM\u00c4LERN. Eine Recherche in Brandenburg. Hrsg. Brandenburgische Landeszentrale f\u00fcr politische Bildung\u00a0Forschung und Kultur 2003<\/a><\/p>\n<p>Auch der j\u00fcdische Friedhof in Kremmen wird in dieser Arbeit beschrieben.<\/p>\n<p><img loading=\"lazy\" class=\"aligncenter size-full wp-image-12868\" src=\"http:\/\/www.rhizom.de\/wandern\/wp-content\/uploads\/2019\/04\/20190327-Kremmen-Berg.jpg\" alt=\"\" width=\"768\" height=\"444\" srcset=\"http:\/\/www.rhizom.de\/wandern\/wp-content\/uploads\/2019\/04\/20190327-Kremmen-Berg.jpg 768w, http:\/\/www.rhizom.de\/wandern\/wp-content\/uploads\/2019\/04\/20190327-Kremmen-Berg-300x173.jpg 300w\" sizes=\"(max-width: 768px) 100vw, 768px\" \/><\/p>\n<p>Ich selbst berichte von nicht viel mehr als von meiner Wanderung um Kremmen herum, die mich auf das Friedhofsgel\u00e4nde von Kremmen Orion f\u00fchrte. Trotzdem viele Bilder: ein ungew\u00f6hnlicher Ort!<\/p>\n<p>Die tote Taube an der Stra\u00dfe im Elsbruch stimmt ein. Vor mir fast schwarz die Silhouetten der efeu\u00fcberwucherten B\u00e4ume. Eine Stra\u00dfe im Bau direkt auf den Kienberg. So k\u00f6nnte ich zum j\u00fcdischen Friedhof kommen. Nein, hinter der Kapelle kehrt, quetsche mich wegelos, wirklich ohne Weg durch das Gestr\u00fcpp &#8211; ich hab im Ohr &#8220;im Anschluss an den allgemeinen Friedhof&#8221;.<\/p>\n<p><img loading=\"lazy\" class=\"aligncenter size-full wp-image-12879\" src=\"http:\/\/www.rhizom.de\/wandern\/wp-content\/uploads\/2019\/04\/20190327-Kremmen-Fh-16.jpg\" alt=\"\" width=\"768\" height=\"444\" srcset=\"http:\/\/www.rhizom.de\/wandern\/wp-content\/uploads\/2019\/04\/20190327-Kremmen-Fh-16.jpg 768w, http:\/\/www.rhizom.de\/wandern\/wp-content\/uploads\/2019\/04\/20190327-Kremmen-Fh-16-300x173.jpg 300w\" sizes=\"(max-width: 768px) 100vw, 768px\" \/><\/p>\n<p><img loading=\"lazy\" class=\"aligncenter size-full wp-image-12872\" src=\"http:\/\/www.rhizom.de\/wandern\/wp-content\/uploads\/2019\/04\/20190327-Kremmen-Fh-7.jpg\" alt=\"\" width=\"768\" height=\"444\" srcset=\"http:\/\/www.rhizom.de\/wandern\/wp-content\/uploads\/2019\/04\/20190327-Kremmen-Fh-7.jpg 768w, http:\/\/www.rhizom.de\/wandern\/wp-content\/uploads\/2019\/04\/20190327-Kremmen-Fh-7-300x173.jpg 300w\" sizes=\"(max-width: 768px) 100vw, 768px\" \/><\/p>\n<p><img loading=\"lazy\" class=\"aligncenter size-full wp-image-12873\" src=\"http:\/\/www.rhizom.de\/wandern\/wp-content\/uploads\/2019\/04\/20190327-Kremmen-Fh-20.jpg\" alt=\"\" width=\"768\" height=\"444\" srcset=\"http:\/\/www.rhizom.de\/wandern\/wp-content\/uploads\/2019\/04\/20190327-Kremmen-Fh-20.jpg 768w, http:\/\/www.rhizom.de\/wandern\/wp-content\/uploads\/2019\/04\/20190327-Kremmen-Fh-20-300x173.jpg 300w\" sizes=\"(max-width: 768px) 100vw, 768px\" \/><\/p>\n<p><img loading=\"lazy\" class=\"aligncenter size-full wp-image-12876\" src=\"http:\/\/www.rhizom.de\/wandern\/wp-content\/uploads\/2019\/04\/20190327-Kremmen-Fh-10.jpg\" alt=\"\" width=\"768\" height=\"444\" srcset=\"http:\/\/www.rhizom.de\/wandern\/wp-content\/uploads\/2019\/04\/20190327-Kremmen-Fh-10.jpg 768w, http:\/\/www.rhizom.de\/wandern\/wp-content\/uploads\/2019\/04\/20190327-Kremmen-Fh-10-300x173.jpg 300w\" sizes=\"(max-width: 768px) 100vw, 768px\" \/><\/p>\n<p><img loading=\"lazy\" class=\"aligncenter size-full wp-image-12891\" src=\"http:\/\/www.rhizom.de\/wandern\/wp-content\/uploads\/2019\/04\/20190327-Kremmen-Fh-23.jpg\" alt=\"\" width=\"768\" height=\"444\" srcset=\"http:\/\/www.rhizom.de\/wandern\/wp-content\/uploads\/2019\/04\/20190327-Kremmen-Fh-23.jpg 768w, http:\/\/www.rhizom.de\/wandern\/wp-content\/uploads\/2019\/04\/20190327-Kremmen-Fh-23-300x173.jpg 300w\" sizes=\"(max-width: 768px) 100vw, 768px\" \/><\/p>\n<p>Unendlich Efeu. Grab f\u00fcr Grab ist noch zu erkennen. Oft kein Durchkommen. Die Steine bis auf Umrandungen seit undenklichen Zeiten abger\u00e4umt. Ein einzelnes Kreuz. Wohin bin ich geraten?<\/p>\n<p><img loading=\"lazy\" class=\"aligncenter size-full wp-image-12880\" src=\"http:\/\/www.rhizom.de\/wandern\/wp-content\/uploads\/2019\/04\/20190327-Kremmen-Fh-17.jpg\" alt=\"\" width=\"768\" height=\"444\" srcset=\"http:\/\/www.rhizom.de\/wandern\/wp-content\/uploads\/2019\/04\/20190327-Kremmen-Fh-17.jpg 768w, http:\/\/www.rhizom.de\/wandern\/wp-content\/uploads\/2019\/04\/20190327-Kremmen-Fh-17-300x173.jpg 300w\" sizes=\"(max-width: 768px) 100vw, 768px\" \/><\/p>\n<p><img loading=\"lazy\" class=\"aligncenter size-full wp-image-12877\" src=\"http:\/\/www.rhizom.de\/wandern\/wp-content\/uploads\/2019\/04\/20190327-Kremmen-Fh-12.jpg\" alt=\"\" width=\"768\" height=\"444\" srcset=\"http:\/\/www.rhizom.de\/wandern\/wp-content\/uploads\/2019\/04\/20190327-Kremmen-Fh-12.jpg 768w, http:\/\/www.rhizom.de\/wandern\/wp-content\/uploads\/2019\/04\/20190327-Kremmen-Fh-12-300x173.jpg 300w\" sizes=\"(max-width: 768px) 100vw, 768px\" \/><\/p>\n<p><img loading=\"lazy\" class=\"aligncenter size-full wp-image-12871\" src=\"http:\/\/www.rhizom.de\/wandern\/wp-content\/uploads\/2019\/04\/20190327-Kremmen-Fh-8.jpg\" alt=\"\" width=\"768\" height=\"444\" srcset=\"http:\/\/www.rhizom.de\/wandern\/wp-content\/uploads\/2019\/04\/20190327-Kremmen-Fh-8.jpg 768w, http:\/\/www.rhizom.de\/wandern\/wp-content\/uploads\/2019\/04\/20190327-Kremmen-Fh-8-300x173.jpg 300w\" sizes=\"(max-width: 768px) 100vw, 768px\" \/><\/p>\n<p><img loading=\"lazy\" class=\"aligncenter size-full wp-image-12881\" src=\"http:\/\/www.rhizom.de\/wandern\/wp-content\/uploads\/2019\/04\/20190327-Kremmen-Fh-18.jpg\" alt=\"\" width=\"768\" height=\"444\" srcset=\"http:\/\/www.rhizom.de\/wandern\/wp-content\/uploads\/2019\/04\/20190327-Kremmen-Fh-18.jpg 768w, http:\/\/www.rhizom.de\/wandern\/wp-content\/uploads\/2019\/04\/20190327-Kremmen-Fh-18-300x173.jpg 300w\" sizes=\"(max-width: 768px) 100vw, 768px\" \/><\/p>\n<p><img loading=\"lazy\" class=\"aligncenter size-full wp-image-12882\" src=\"http:\/\/www.rhizom.de\/wandern\/wp-content\/uploads\/2019\/04\/20190327-Kremmen-Fh-19.jpg\" alt=\"\" width=\"768\" height=\"444\" srcset=\"http:\/\/www.rhizom.de\/wandern\/wp-content\/uploads\/2019\/04\/20190327-Kremmen-Fh-19.jpg 768w, http:\/\/www.rhizom.de\/wandern\/wp-content\/uploads\/2019\/04\/20190327-Kremmen-Fh-19-300x173.jpg 300w\" sizes=\"(max-width: 768px) 100vw, 768px\" \/><\/p>\n<p><img loading=\"lazy\" class=\"aligncenter size-full wp-image-12883\" src=\"http:\/\/www.rhizom.de\/wandern\/wp-content\/uploads\/2019\/04\/20190327-Kremmen-Fh-22.jpg\" alt=\"\" width=\"768\" height=\"444\" srcset=\"http:\/\/www.rhizom.de\/wandern\/wp-content\/uploads\/2019\/04\/20190327-Kremmen-Fh-22.jpg 768w, http:\/\/www.rhizom.de\/wandern\/wp-content\/uploads\/2019\/04\/20190327-Kremmen-Fh-22-300x173.jpg 300w\" sizes=\"(max-width: 768px) 100vw, 768px\" \/><\/p>\n<p><img loading=\"lazy\" class=\"aligncenter size-full wp-image-12884\" src=\"http:\/\/www.rhizom.de\/wandern\/wp-content\/uploads\/2019\/04\/20190327-Kremmen-Fh-11.jpg\" alt=\"\" width=\"768\" height=\"444\" srcset=\"http:\/\/www.rhizom.de\/wandern\/wp-content\/uploads\/2019\/04\/20190327-Kremmen-Fh-11.jpg 768w, http:\/\/www.rhizom.de\/wandern\/wp-content\/uploads\/2019\/04\/20190327-Kremmen-Fh-11-300x173.jpg 300w\" sizes=\"(max-width: 768px) 100vw, 768px\" \/><\/p>\n<p><img loading=\"lazy\" class=\"aligncenter size-full wp-image-12885\" src=\"http:\/\/www.rhizom.de\/wandern\/wp-content\/uploads\/2019\/04\/20190327-Kremmen-Fh-5.jpg\" alt=\"\" width=\"768\" height=\"444\" srcset=\"http:\/\/www.rhizom.de\/wandern\/wp-content\/uploads\/2019\/04\/20190327-Kremmen-Fh-5.jpg 768w, http:\/\/www.rhizom.de\/wandern\/wp-content\/uploads\/2019\/04\/20190327-Kremmen-Fh-5-300x173.jpg 300w\" sizes=\"(max-width: 768px) 100vw, 768px\" \/><\/p>\n<p><img loading=\"lazy\" class=\"aligncenter size-full wp-image-12890\" src=\"http:\/\/www.rhizom.de\/wandern\/wp-content\/uploads\/2019\/04\/20190327-Kremmen-Fh-15.jpg\" alt=\"\" width=\"768\" height=\"444\" srcset=\"http:\/\/www.rhizom.de\/wandern\/wp-content\/uploads\/2019\/04\/20190327-Kremmen-Fh-15.jpg 768w, http:\/\/www.rhizom.de\/wandern\/wp-content\/uploads\/2019\/04\/20190327-Kremmen-Fh-15-300x173.jpg 300w\" sizes=\"(max-width: 768px) 100vw, 768px\" \/><\/p>\n<p><img loading=\"lazy\" class=\"aligncenter size-full wp-image-12886\" src=\"http:\/\/www.rhizom.de\/wandern\/wp-content\/uploads\/2019\/04\/20190327-Kremmen-Fh-6.jpg\" alt=\"\" width=\"768\" height=\"444\" srcset=\"http:\/\/www.rhizom.de\/wandern\/wp-content\/uploads\/2019\/04\/20190327-Kremmen-Fh-6.jpg 768w, http:\/\/www.rhizom.de\/wandern\/wp-content\/uploads\/2019\/04\/20190327-Kremmen-Fh-6-300x173.jpg 300w\" sizes=\"(max-width: 768px) 100vw, 768px\" \/><\/p>\n<p>L\u00e4ngst krieche ich nur noch mit Entsetzen und Fragen durch diese Natur. Vorn am Abzweig zum Bergweg zwei oder drei intakte Gr\u00e4ber: Anna Hecker geb. Heger 1877 \u2013 1956; drei Gebhardts (Wilhelm 1886 &#8211; 1952, Pauline 1889 \u2013 1975, Fritz ohne Daten).<\/p>\n<p><img loading=\"lazy\" class=\"aligncenter size-full wp-image-12888\" src=\"http:\/\/www.rhizom.de\/wandern\/wp-content\/uploads\/2019\/04\/20190327-Kremmen-Fh-1.jpg\" alt=\"\" width=\"768\" height=\"444\" srcset=\"http:\/\/www.rhizom.de\/wandern\/wp-content\/uploads\/2019\/04\/20190327-Kremmen-Fh-1.jpg 768w, http:\/\/www.rhizom.de\/wandern\/wp-content\/uploads\/2019\/04\/20190327-Kremmen-Fh-1-300x173.jpg 300w\" sizes=\"(max-width: 768px) 100vw, 768px\" \/><\/p>\n<p>Am Zaun drei Kreuze, eins niedergetreten. Ausgegrenzt. Ausgegrenzt ist dieser ganze Friedhof. Selbstm\u00f6rderfriedhof wie in Wien? Manchmal wei\u00df Google etwas vom Verschwiegenen. Wie lange diese <a href=\"https:\/\/www.mopo.de\/-immer-an-der-a-24---juengster-fall--ein-ukrainer---opfer-der-organisierten-kriminalitaet----lagerplatz-fuer-leichen--19327044\" target=\"_blank\" rel=\"noopener\">Adresse im www<\/a> verf\u00fcgbar sein wird, ist unsicher. Hier mit <a href=\"http:\/\/www.rhizom.de\/wandern\/serguei-kachouvski\/\" target=\"popup\" rel=\"noopener\">Popup eine Zusammenfassung<\/a>.<br \/>\nDer rote Klecks am Kreuz Drohung, Gedenken, noch einmal Rache?<br \/>\nAngst essen Seele auf. Was f\u00fcr Dimensionen hat dieses Verbrechen? Und die Gr\u00e4ber aus den f\u00fcnfziger Jahren? \u00dcberhaupt dieser offensichtlich in einer einzigen Aktion abger\u00e4umte und von den Einheimischen dem Vergessen \u00fcberantwortete Friedhof hinter den gepflegten Stiefm\u00fctterchenh\u00fcgeln?<\/p>\n<p><img loading=\"lazy\" class=\"aligncenter size-full wp-image-12889\" src=\"http:\/\/www.rhizom.de\/wandern\/wp-content\/uploads\/2019\/04\/20190327-Kremmen-Fh-abseits.jpg\" alt=\"\" width=\"768\" height=\"444\" srcset=\"http:\/\/www.rhizom.de\/wandern\/wp-content\/uploads\/2019\/04\/20190327-Kremmen-Fh-abseits.jpg 768w, http:\/\/www.rhizom.de\/wandern\/wp-content\/uploads\/2019\/04\/20190327-Kremmen-Fh-abseits-300x173.jpg 300w\" sizes=\"(max-width: 768px) 100vw, 768px\" \/><\/p>\n<p style=\"text-align: center;\">Jetzt sollt ihr h\u00f6ren ein <em>rauhes<\/em> Lied,<br \/>\nvon Frieden und Erbarmen <em>leer<\/em>!<\/p>\n<p style=\"text-align: center;\">Richard Dehmel. Sein Gedicht &#8220;Ein M\u00e4rtyrer&#8221; hatte ich bereits zerst\u00fcckelt zur Beschreibung des alten Forsthauses verwendet.<\/p>\n<p>&nbsp;<\/p>\n<h2>Der j\u00fcdische Friedhof Kremmen Orion<\/h2>\n<p>Eine kaum urspr\u00fcngliche Eingangspforte, erreichbar durch den allgemeinen Friedhof hindurch, ein eng eingez\u00e4unter Bereich, Relikte der Grabsteine. Der Friedhof wurde 1815 angelegt. Bis dahin wurden die Toten in Oranienburg begraben.<br \/>\n1948 beschloss die Friedhofsverwaltung von Kremmen, die Grabsteine des j\u00fcdischen Friedhofs an eine Steinmetzwerkstatt zu verkaufen. Das wurde durch die Bem\u00fchungen der einzigen in Kremmen verbliebenen j\u00fcdischen Familie verhindert.<br \/>\n1957 waren noch 30 Gr\u00e4ber vorhanden.<\/p>\n<p><img loading=\"lazy\" class=\"aligncenter size-full wp-image-12893\" src=\"http:\/\/www.rhizom.de\/wandern\/wp-content\/uploads\/2019\/04\/20190327-Kremmen-jF-1.jpg\" alt=\"\" width=\"767\" height=\"444\" srcset=\"http:\/\/www.rhizom.de\/wandern\/wp-content\/uploads\/2019\/04\/20190327-Kremmen-jF-1.jpg 767w, http:\/\/www.rhizom.de\/wandern\/wp-content\/uploads\/2019\/04\/20190327-Kremmen-jF-1-300x174.jpg 300w\" sizes=\"(max-width: 767px) 100vw, 767px\" \/><\/p>\n<p><img loading=\"lazy\" class=\"aligncenter size-full wp-image-12895\" src=\"http:\/\/www.rhizom.de\/wandern\/wp-content\/uploads\/2019\/04\/20190327-Kremmen-jF-3.jpg\" alt=\"\" width=\"767\" height=\"444\" srcset=\"http:\/\/www.rhizom.de\/wandern\/wp-content\/uploads\/2019\/04\/20190327-Kremmen-jF-3.jpg 767w, http:\/\/www.rhizom.de\/wandern\/wp-content\/uploads\/2019\/04\/20190327-Kremmen-jF-3-300x174.jpg 300w\" sizes=\"(max-width: 767px) 100vw, 767px\" \/><\/p>\n<p><img loading=\"lazy\" class=\"aligncenter size-full wp-image-12896\" src=\"http:\/\/www.rhizom.de\/wandern\/wp-content\/uploads\/2019\/04\/20190327-Kremmen-jF-4.jpg\" alt=\"\" width=\"767\" height=\"444\" srcset=\"http:\/\/www.rhizom.de\/wandern\/wp-content\/uploads\/2019\/04\/20190327-Kremmen-jF-4.jpg 767w, http:\/\/www.rhizom.de\/wandern\/wp-content\/uploads\/2019\/04\/20190327-Kremmen-jF-4-300x174.jpg 300w\" sizes=\"(max-width: 767px) 100vw, 767px\" \/><\/p>\n<p><img loading=\"lazy\" class=\"aligncenter size-full wp-image-12892\" src=\"http:\/\/www.rhizom.de\/wandern\/wp-content\/uploads\/2019\/04\/20190327-Kremmen-jF-5.jpg\" alt=\"\" width=\"767\" height=\"444\" srcset=\"http:\/\/www.rhizom.de\/wandern\/wp-content\/uploads\/2019\/04\/20190327-Kremmen-jF-5.jpg 767w, http:\/\/www.rhizom.de\/wandern\/wp-content\/uploads\/2019\/04\/20190327-Kremmen-jF-5-300x174.jpg 300w\" sizes=\"(max-width: 767px) 100vw, 767px\" \/><\/p>\n<p>&nbsp;<\/p>\n<h2>Erinnerungskultur<\/h2>\n<p>Der Beschluss der Friedhofsverwaltung von Kremmen, 1948 die Grabsteine des j\u00fcdischen Friedhofs an eine Steinmetzwerkstatt zu verkaufen, k\u00f6nnte sich auch auf die eingesunkenen Gr\u00e4ber und den jetzt \u00fcberwachsenen Friedhofsteil beziehen. Was soll vergessen werden?<br \/>\nAktuell ist bereits der alte romantische Friedhofsweg den Berg hinauf ersetzt. Der Stra\u00dfenbau hat zugeschlagen. Geplant ist in Kremmen Orion eine Gartensiedlung &#8211; die Nachfrage nach traditionellen Einfamilienh\u00e4usern ist gro\u00df. Dass der wohlklingende Name &#8220;Orion&#8221; der 1945 demontierten und gesprengten Fabrik f\u00fcr Leucht- und Signalmunition zu verdanken ist, taucht nicht mehr auf. Ich stelle mir im Ortsteil Orion einen allgemeinen Friedhof vor mit Grabsteinen, verziert mit reichlich Hakenkreuz &#8211; nat\u00fcrlich vor 1945. Da wollte sicher jeder schnell noch beim Steinmetzen umrubeln.<br \/>\nWer schweigt, muss mit gedanklichen Spekulationen rechnen.<\/p>\n<p><img loading=\"lazy\" class=\"aligncenter size-full wp-image-12901\" src=\"http:\/\/www.rhizom.de\/wandern\/wp-content\/uploads\/2019\/04\/20190327-Kremmen-alter-Friedhofseingang.jpg\" alt=\"\" width=\"768\" height=\"444\" srcset=\"http:\/\/www.rhizom.de\/wandern\/wp-content\/uploads\/2019\/04\/20190327-Kremmen-alter-Friedhofseingang.jpg 768w, http:\/\/www.rhizom.de\/wandern\/wp-content\/uploads\/2019\/04\/20190327-Kremmen-alter-Friedhofseingang-300x173.jpg 300w\" sizes=\"(max-width: 768px) 100vw, 768px\" \/><\/p>\n<p>Verkehrstechnisch war der Friedhof einst an eine Bahn von Kremmen aus angebunden, direkt hinter dem Friedhof vorbei.<\/p>\n<p><img loading=\"lazy\" class=\"aligncenter size-full wp-image-12900\" src=\"http:\/\/www.rhizom.de\/wandern\/wp-content\/uploads\/2019\/04\/20190327-Kremmen-F-Orion-Bahnstrecke.jpg\" alt=\"\" width=\"767\" height=\"444\" srcset=\"http:\/\/www.rhizom.de\/wandern\/wp-content\/uploads\/2019\/04\/20190327-Kremmen-F-Orion-Bahnstrecke.jpg 767w, http:\/\/www.rhizom.de\/wandern\/wp-content\/uploads\/2019\/04\/20190327-Kremmen-F-Orion-Bahnstrecke-300x174.jpg 300w\" sizes=\"(max-width: 767px) 100vw, 767px\" \/><br \/>\nKremmen wusste alles Unangenehme von Tod bis Kriegsproduktion auf Abstand zu halten. Auch sp\u00e4ter die riesige, nicht gerade duftende Milchviehanlage auf der gleichen Linie.\u00a0 Ich wei\u00df nicht wie alt die Baracken davor sind. Irgendwo muss es auch die der Zwangsarbeiter f\u00fcr &#8220;Orion&#8221; gegeben haben. Irgendwann zu Zeiten des Ansturms der Migranten nach Deutschland wanderten wir als Gruppe vorbei. Vor den damals noch kalkwei\u00df get\u00fcnchten Baracken sa\u00dfen Asylbewerberfamilien. Das Bild eines neueren Brandanschlages zeigt diese jetzt sonnig gelben Unterk\u00fcnfte mit immer noch Bewohnern. Wer wei\u00df. \u00dcber das Gelb der Sonne oder anderes Gelb k\u00f6nnte auch meditiert werden. Jetzt nur vorbei, es nieselt und windet kr\u00e4ftig.<\/p>\n<p><img loading=\"lazy\" class=\"aligncenter size-full wp-image-12897\" src=\"http:\/\/www.rhizom.de\/wandern\/wp-content\/uploads\/2019\/04\/20190327-Kremmen-Milchviehanlage-Baracken.jpg\" alt=\"\" width=\"768\" height=\"444\" srcset=\"http:\/\/www.rhizom.de\/wandern\/wp-content\/uploads\/2019\/04\/20190327-Kremmen-Milchviehanlage-Baracken.jpg 768w, http:\/\/www.rhizom.de\/wandern\/wp-content\/uploads\/2019\/04\/20190327-Kremmen-Milchviehanlage-Baracken-300x173.jpg 300w\" sizes=\"(max-width: 768px) 100vw, 768px\" \/><\/p>\n<p>Nein &#8211; ich bin ungerecht: siehe oben die Untersuchung von Regina Scheer. Es betrifft nicht nur Orion. Es ist bis heute so. Man kann nicht alles wissen, sagen die <a href=\"http:\/\/www.rhizom.de\/wandern\/2019\/03\/11\/sommerfeld\/\">Menschen hinter den B\u00fcroschranken<\/a> (dort siehe Anmerkung unten). Und ich m\u00f6chte nicht mehr alles wissen. Am Bahnhof unterhalte ich mich mit einem anerkannten Asylbewerber. Er m\u00f6chte weg. Nach Berlin. Aber wir wollen integrieren. Nicht etwa so wie NY, wo jeder sein eigenes Viertel hat&#8230; Wir haben Arbeitskr\u00e4ftemangel, derzeit noch gesicherte soziale Strukturen. Ich hab keine Antwort. Weder die Neubauviertel von Kremmen noch die Siedlungsh\u00e4user weisen in eine akzeptable Zukunft.<\/p>\n<p><img loading=\"lazy\" class=\"aligncenter size-full wp-image-12899\" src=\"http:\/\/www.rhizom.de\/wandern\/wp-content\/uploads\/2019\/04\/20190327-Kremmen-Todesmarsch.jpg\" alt=\"\" width=\"768\" height=\"444\" srcset=\"http:\/\/www.rhizom.de\/wandern\/wp-content\/uploads\/2019\/04\/20190327-Kremmen-Todesmarsch.jpg 768w, http:\/\/www.rhizom.de\/wandern\/wp-content\/uploads\/2019\/04\/20190327-Kremmen-Todesmarsch-300x173.jpg 300w\" sizes=\"(max-width: 768px) 100vw, 768px\" \/><\/p>\n<p><img loading=\"lazy\" class=\"aligncenter size-full wp-image-12898\" src=\"http:\/\/www.rhizom.de\/wandern\/wp-content\/uploads\/2019\/04\/20190327-Kremmen-Stolpersteine.jpg\" alt=\"\" width=\"768\" height=\"444\" srcset=\"http:\/\/www.rhizom.de\/wandern\/wp-content\/uploads\/2019\/04\/20190327-Kremmen-Stolpersteine.jpg 768w, http:\/\/www.rhizom.de\/wandern\/wp-content\/uploads\/2019\/04\/20190327-Kremmen-Stolpersteine-300x173.jpg 300w\" sizes=\"(max-width: 768px) 100vw, 768px\" \/><\/p>\n<p>Auch das gibt es in Kremmen.<\/p>\n<p style=\"text-align: right;\">Ein anderes <a href=\"http:\/\/www.rhizom.de\/wandern\/memento-mori\/\">\u2192 memento mori<\/a>, mit Bildern von Friedh\u00f6fen in Angerm\u00fcnde, Oderberg und Schwedt.<\/p>\n","protected":false},"excerpt":{"rendered":"<p>Mit unserer Erinnerungskultur stimmt so wenig wie mit unserem Leben in Zeiten von Klimawandel und Kriegen jenseits unserer europ\u00e4ischen Grenzen. Qu\u00e4lend lange hab ich mit zu verzweigten Gedanken gebraucht, bis ich diese Friedhofsbilder eingebunden habe. Letztendlich fand ich eine Publikation, die so genau wie es im Rahmen eines Blogs niemals m\u00f6glich gewesen w\u00e4re, meinen Gedanken &#8230; <a title=\"Kremmen Orion\" class=\"read-more\" href=\"http:\/\/www.rhizom.de\/wandern\/kremmen-orion\/\">Read more<\/a><\/p>\n","protected":false},"author":1,"featured_media":0,"parent":0,"menu_order":0,"comment_status":"closed","ping_status":"closed","template":"","meta":{"generate_page_header":""},"tags":[],"_links":{"self":[{"href":"http:\/\/www.rhizom.de\/wandern\/wp-json\/wp\/v2\/pages\/12866"}],"collection":[{"href":"http:\/\/www.rhizom.de\/wandern\/wp-json\/wp\/v2\/pages"}],"about":[{"href":"http:\/\/www.rhizom.de\/wandern\/wp-json\/wp\/v2\/types\/page"}],"author":[{"embeddable":true,"href":"http:\/\/www.rhizom.de\/wandern\/wp-json\/wp\/v2\/users\/1"}],"replies":[{"embeddable":true,"href":"http:\/\/www.rhizom.de\/wandern\/wp-json\/wp\/v2\/comments?post=12866"}],"version-history":[{"count":18,"href":"http:\/\/www.rhizom.de\/wandern\/wp-json\/wp\/v2\/pages\/12866\/revisions"}],"predecessor-version":[{"id":12951,"href":"http:\/\/www.rhizom.de\/wandern\/wp-json\/wp\/v2\/pages\/12866\/revisions\/12951"}],"wp:attachment":[{"href":"http:\/\/www.rhizom.de\/wandern\/wp-json\/wp\/v2\/media?parent=12866"}],"wp:term":[{"taxonomy":"post_tag","embeddable":true,"href":"http:\/\/www.rhizom.de\/wandern\/wp-json\/wp\/v2\/tags?post=12866"}],"curies":[{"name":"wp","href":"https:\/\/api.w.org\/{rel}","templated":true}]}}