{"id":12905,"date":"2019-04-03T10:56:36","date_gmt":"2019-04-03T08:56:36","guid":{"rendered":"http:\/\/www.rhizom.de\/wandern\/?page_id=12905"},"modified":"2019-04-03T15:23:08","modified_gmt":"2019-04-03T13:23:08","slug":"serguei-kachouvski","status":"publish","type":"page","link":"http:\/\/www.rhizom.de\/wandern\/serguei-kachouvski\/","title":{"rendered":"Hamburger Morgenpost 28.2.98"},"content":{"rendered":"<p>Die A 24 Hamburg-Berlin &#8211; 284 Kilometer Autobahn zwischen zwei Metropolen des Verbrechens. Immer wieder werden nahe der Strecke die Opfer mysteri\u00f6ser Morde gefunden&#8230; Der j\u00fcngste Fall: Serguei Kachouvski (29), Ukrainer&#8230; Der Tote wurde bereits im September im Wald an der A 24 bei Kremmen (Kreis Oberhavel) entdeckt, ist jetzt identifiziert. \u00c4rzte stellten fest: Kachouvski ist ermordet worden. Die Hintergr\u00fcnde sind f\u00fcr die Kripo noch ein R\u00e4tsel: Niemand wei\u00df, wie sich der abgelehnte Asylbewerber \u00fcber Wasser hielt&#8230; Eins ist sicher: Das Verbrechen geschah nicht an der A 24. <\/p>\n<p>Serguei Kachouvski, 1967 &#8211; 1998<br \/>\nZu den beiden anderen Gr\u00e4bern hab ich nichts gefunden.<br \/>\nIngrid Stoll, 1942 \u2013 1996<br \/>\nBernd Weiserich 1946? unleserlich, das Grabkreuz ist zerst\u00f6rt.<\/p>\n<p>Mit was f\u00fcr mittelalterlichen Vorstellungen werden solche Grabstellen ausgew\u00e4hlt? Oder nur kosteng\u00fcnstig? Ich sollte mich k\u00fcmmern&#8230;<\/p>\n","protected":false},"excerpt":{"rendered":"<p>Die A 24 Hamburg-Berlin &#8211; 284 Kilometer Autobahn zwischen zwei Metropolen des Verbrechens. Immer wieder werden nahe der Strecke die Opfer mysteri\u00f6ser Morde gefunden&#8230; Der j\u00fcngste Fall: Serguei Kachouvski (29), Ukrainer&#8230; Der Tote wurde bereits im September im Wald an der A 24 bei Kremmen (Kreis Oberhavel) entdeckt, ist jetzt identifiziert. \u00c4rzte stellten fest: Kachouvski &#8230; <a title=\"Hamburger Morgenpost 28.2.98\" class=\"read-more\" href=\"http:\/\/www.rhizom.de\/wandern\/serguei-kachouvski\/\">Read more<\/a><\/p>\n","protected":false},"author":1,"featured_media":0,"parent":0,"menu_order":0,"comment_status":"closed","ping_status":"closed","template":"","meta":{"generate_page_header":""},"tags":[],"_links":{"self":[{"href":"http:\/\/www.rhizom.de\/wandern\/wp-json\/wp\/v2\/pages\/12905"}],"collection":[{"href":"http:\/\/www.rhizom.de\/wandern\/wp-json\/wp\/v2\/pages"}],"about":[{"href":"http:\/\/www.rhizom.de\/wandern\/wp-json\/wp\/v2\/types\/page"}],"author":[{"embeddable":true,"href":"http:\/\/www.rhizom.de\/wandern\/wp-json\/wp\/v2\/users\/1"}],"replies":[{"embeddable":true,"href":"http:\/\/www.rhizom.de\/wandern\/wp-json\/wp\/v2\/comments?post=12905"}],"version-history":[{"count":4,"href":"http:\/\/www.rhizom.de\/wandern\/wp-json\/wp\/v2\/pages\/12905\/revisions"}],"predecessor-version":[{"id":12939,"href":"http:\/\/www.rhizom.de\/wandern\/wp-json\/wp\/v2\/pages\/12905\/revisions\/12939"}],"wp:attachment":[{"href":"http:\/\/www.rhizom.de\/wandern\/wp-json\/wp\/v2\/media?parent=12905"}],"wp:term":[{"taxonomy":"post_tag","embeddable":true,"href":"http:\/\/www.rhizom.de\/wandern\/wp-json\/wp\/v2\/tags?post=12905"}],"curies":[{"name":"wp","href":"https:\/\/api.w.org\/{rel}","templated":true}]}}