{"id":14858,"date":"2019-09-23T19:19:49","date_gmt":"2019-09-23T17:19:49","guid":{"rendered":"http:\/\/www.rhizom.de\/wandern\/?page_id=14858"},"modified":"2019-09-27T08:42:37","modified_gmt":"2019-09-27T06:42:37","slug":"herthafliess","status":"publish","type":"page","link":"http:\/\/www.rhizom.de\/wandern\/herthafliess\/","title":{"rendered":"Herthaflie\u00df f\u00fcr Biber und Kind"},"content":{"rendered":"<p><strong>22. Sept. 2019, kinderfreundlich: das Herthaflie\u00df von seinen zwei Quellen (z.Zt. sichtbar sogar ein ganzer Quelltopf) zum &#8220;verstockten&#8221; Wasserfall bis zur M\u00fcndung in die Schw\u00e4rze<\/strong><\/p>\n<h2>Von den Quellen bis zum Wasserfall<\/h2>\n<p><img loading=\"lazy\" class=\"aligncenter size-full wp-image-14859\" src=\"http:\/\/www.rhizom.de\/wandern\/wp-content\/uploads\/2019\/09\/20190922-sw-Herthaquelle.jpg\" alt=\"Zwei Herthaquellen werden hier genannt. Zu sehen sind viele.\" width=\"768\" height=\"444\" srcset=\"http:\/\/www.rhizom.de\/wandern\/wp-content\/uploads\/2019\/09\/20190922-sw-Herthaquelle.jpg 768w, http:\/\/www.rhizom.de\/wandern\/wp-content\/uploads\/2019\/09\/20190922-sw-Herthaquelle-300x173.jpg 300w\" sizes=\"(max-width: 768px) 100vw, 768px\" \/><\/p>\n<p><img loading=\"lazy\" class=\"aligncenter size-full wp-image-14860\" src=\"http:\/\/www.rhizom.de\/wandern\/wp-content\/uploads\/2019\/09\/20190922-Herthafliess-Steintreppen.jpg\" alt=\"Rundweg Steintreppen an den Herthaquellen\" width=\"768\" height=\"444\" srcset=\"http:\/\/www.rhizom.de\/wandern\/wp-content\/uploads\/2019\/09\/20190922-Herthafliess-Steintreppen.jpg 768w, http:\/\/www.rhizom.de\/wandern\/wp-content\/uploads\/2019\/09\/20190922-Herthafliess-Steintreppen-300x173.jpg 300w\" sizes=\"(max-width: 768px) 100vw, 768px\" \/><\/p>\n<p><img loading=\"lazy\" class=\"aligncenter size-full wp-image-14861\" src=\"http:\/\/www.rhizom.de\/wandern\/wp-content\/uploads\/2019\/09\/20190922-Herthafliess-Baumbruecke.jpg\" alt=\"Abenteuer begehbare Baumbr\u00fccke\" width=\"768\" height=\"444\" srcset=\"http:\/\/www.rhizom.de\/wandern\/wp-content\/uploads\/2019\/09\/20190922-Herthafliess-Baumbruecke.jpg 768w, http:\/\/www.rhizom.de\/wandern\/wp-content\/uploads\/2019\/09\/20190922-Herthafliess-Baumbruecke-300x173.jpg 300w\" sizes=\"(max-width: 768px) 100vw, 768px\" \/><\/p>\n<p><img loading=\"lazy\" class=\"aligncenter size-full wp-image-14884\" src=\"http:\/\/www.rhizom.de\/wandern\/wp-content\/uploads\/2019\/09\/20190922-Herthafliess-Wasserfall.jpg\" alt=\"ziemlich verstopfter Wasserfall\" width=\"768\" height=\"444\" srcset=\"http:\/\/www.rhizom.de\/wandern\/wp-content\/uploads\/2019\/09\/20190922-Herthafliess-Wasserfall.jpg 768w, http:\/\/www.rhizom.de\/wandern\/wp-content\/uploads\/2019\/09\/20190922-Herthafliess-Wasserfall-300x173.jpg 300w\" sizes=\"(max-width: 768px) 100vw, 768px\" \/><\/p>\n<h2>Der verlorene Br\u00fcckenweg<\/h2>\n<p style=\"text-align: center;\"><img loading=\"lazy\" class=\"aligncenter size-full wp-image-14907\" src=\"http:\/\/www.rhizom.de\/wandern\/wp-content\/uploads\/2019\/09\/2017-Eberswalde-Erinnerung.jpg\" alt=\"Eberswalder Erinnerung: 2017\" width=\"300\" height=\"209\" \/>In bester Eberswalder Erinnerung 2017, auch bereits mit Biberspuren &#8211; und nun 2019<\/p>\n<p><img loading=\"lazy\" class=\"aligncenter size-full wp-image-14863\" src=\"http:\/\/www.rhizom.de\/wandern\/wp-content\/uploads\/2019\/09\/20190922-Herthafliess-Richtung-Brunnenberge-.jpg\" alt=\"am Herthaflie\u00df\" width=\"768\" height=\"444\" srcset=\"http:\/\/www.rhizom.de\/wandern\/wp-content\/uploads\/2019\/09\/20190922-Herthafliess-Richtung-Brunnenberge-.jpg 768w, http:\/\/www.rhizom.de\/wandern\/wp-content\/uploads\/2019\/09\/20190922-Herthafliess-Richtung-Brunnenberge--300x173.jpg 300w\" sizes=\"(max-width: 768px) 100vw, 768px\" \/><\/p>\n<p><img loading=\"lazy\" class=\"aligncenter size-full wp-image-14865\" src=\"http:\/\/www.rhizom.de\/wandern\/wp-content\/uploads\/2019\/09\/20190922-Herthafliess-verfallener-Weg.jpg\" alt=\"Kindererinnerung: da war ein Weg\" width=\"768\" height=\"444\" srcset=\"http:\/\/www.rhizom.de\/wandern\/wp-content\/uploads\/2019\/09\/20190922-Herthafliess-verfallener-Weg.jpg 768w, http:\/\/www.rhizom.de\/wandern\/wp-content\/uploads\/2019\/09\/20190922-Herthafliess-verfallener-Weg-300x173.jpg 300w\" sizes=\"(max-width: 768px) 100vw, 768px\" \/><\/p>\n<p><img loading=\"lazy\" class=\"aligncenter size-full wp-image-14867\" src=\"http:\/\/www.rhizom.de\/wandern\/wp-content\/uploads\/2019\/09\/20190922-Herthafliess-Biberwelt-1.jpg\" alt=\"gestautes Herthaflie\u00df\" width=\"768\" height=\"444\" srcset=\"http:\/\/www.rhizom.de\/wandern\/wp-content\/uploads\/2019\/09\/20190922-Herthafliess-Biberwelt-1.jpg 768w, http:\/\/www.rhizom.de\/wandern\/wp-content\/uploads\/2019\/09\/20190922-Herthafliess-Biberwelt-1-300x173.jpg 300w\" sizes=\"(max-width: 768px) 100vw, 768px\" \/><\/p>\n<h2>Im Reich des Bibers<\/h2>\n<p><img loading=\"lazy\" class=\"aligncenter size-full wp-image-14869\" src=\"http:\/\/www.rhizom.de\/wandern\/wp-content\/uploads\/2019\/09\/20190922-Herthafliess-Biberwelt-3.jpg\" alt=\"Biberwelt am Herthaflie\u00df\" width=\"768\" height=\"444\" srcset=\"http:\/\/www.rhizom.de\/wandern\/wp-content\/uploads\/2019\/09\/20190922-Herthafliess-Biberwelt-3.jpg 768w, http:\/\/www.rhizom.de\/wandern\/wp-content\/uploads\/2019\/09\/20190922-Herthafliess-Biberwelt-3-300x173.jpg 300w\" sizes=\"(max-width: 768px) 100vw, 768px\" \/><\/p>\n<p><img loading=\"lazy\" class=\"aligncenter size-full wp-image-14870\" src=\"http:\/\/www.rhizom.de\/wandern\/wp-content\/uploads\/2019\/09\/20190922-Herthafliess-Biberwelt-4.jpg\" alt=\"Biberwelt am Herthaflie\u00df\" width=\"768\" height=\"444\" srcset=\"http:\/\/www.rhizom.de\/wandern\/wp-content\/uploads\/2019\/09\/20190922-Herthafliess-Biberwelt-4.jpg 768w, http:\/\/www.rhizom.de\/wandern\/wp-content\/uploads\/2019\/09\/20190922-Herthafliess-Biberwelt-4-300x173.jpg 300w\" sizes=\"(max-width: 768px) 100vw, 768px\" \/><\/p>\n<p><img loading=\"lazy\" class=\"aligncenter size-full wp-image-14872\" src=\"http:\/\/www.rhizom.de\/wandern\/wp-content\/uploads\/2019\/09\/20190922-Herthafliess-Biberfrass.jpg\" alt=\"Biberfra\u00df am Herthaflie\u00df\" width=\"768\" height=\"444\" srcset=\"http:\/\/www.rhizom.de\/wandern\/wp-content\/uploads\/2019\/09\/20190922-Herthafliess-Biberfrass.jpg 768w, http:\/\/www.rhizom.de\/wandern\/wp-content\/uploads\/2019\/09\/20190922-Herthafliess-Biberfrass-300x173.jpg 300w\" sizes=\"(max-width: 768px) 100vw, 768px\" \/><\/p>\n<h2>Wohnh\u00f6hlen und Biberburg<\/h2>\n<p><img loading=\"lazy\" class=\"aligncenter size-full wp-image-14875\" src=\"http:\/\/www.rhizom.de\/wandern\/wp-content\/uploads\/2019\/09\/20190922-Herthafliess-Biber-Stocksammlung.jpg\" alt=\"Biberwelt am Herthaflie\u00df - Stocksammlung an der Wohnh\u00f6hle\" width=\"768\" height=\"444\" srcset=\"http:\/\/www.rhizom.de\/wandern\/wp-content\/uploads\/2019\/09\/20190922-Herthafliess-Biber-Stocksammlung.jpg 768w, http:\/\/www.rhizom.de\/wandern\/wp-content\/uploads\/2019\/09\/20190922-Herthafliess-Biber-Stocksammlung-300x173.jpg 300w\" sizes=\"(max-width: 768px) 100vw, 768px\" \/><\/p>\n<p><img loading=\"lazy\" class=\"aligncenter size-full wp-image-14874\" src=\"http:\/\/www.rhizom.de\/wandern\/wp-content\/uploads\/2019\/09\/20190922-Herthafliess-Biber-Erdbau.jpg\" alt=\"Biber-Erdbau mit abzweigenden G\u00e4ngen\" width=\"768\" height=\"444\" srcset=\"http:\/\/www.rhizom.de\/wandern\/wp-content\/uploads\/2019\/09\/20190922-Herthafliess-Biber-Erdbau.jpg 768w, http:\/\/www.rhizom.de\/wandern\/wp-content\/uploads\/2019\/09\/20190922-Herthafliess-Biber-Erdbau-300x173.jpg 300w\" sizes=\"(max-width: 768px) 100vw, 768px\" \/><\/p>\n<p><img loading=\"lazy\" class=\"aligncenter size-full wp-image-14876\" src=\"http:\/\/www.rhizom.de\/wandern\/wp-content\/uploads\/2019\/09\/20190922-Herthafliess-Biberburg.jpg\" alt=\"Biberburg am Herthaflie\u00df\" width=\"768\" height=\"444\" srcset=\"http:\/\/www.rhizom.de\/wandern\/wp-content\/uploads\/2019\/09\/20190922-Herthafliess-Biberburg.jpg 768w, http:\/\/www.rhizom.de\/wandern\/wp-content\/uploads\/2019\/09\/20190922-Herthafliess-Biberburg-300x173.jpg 300w\" sizes=\"(max-width: 768px) 100vw, 768px\" \/><\/p>\n<p><img loading=\"lazy\" class=\"aligncenter size-full wp-image-14877\" src=\"http:\/\/www.rhizom.de\/wandern\/wp-content\/uploads\/2019\/09\/20190922-Herthafliess-Biberburg-Herthafliess.jpg\" alt=\"Biberburg am Herthaflie\u00df\" width=\"768\" height=\"444\" srcset=\"http:\/\/www.rhizom.de\/wandern\/wp-content\/uploads\/2019\/09\/20190922-Herthafliess-Biberburg-Herthafliess.jpg 768w, http:\/\/www.rhizom.de\/wandern\/wp-content\/uploads\/2019\/09\/20190922-Herthafliess-Biberburg-Herthafliess-300x173.jpg 300w\" sizes=\"(max-width: 768px) 100vw, 768px\" \/><\/p>\n<h2>Ursprung Baubionik<\/h2>\n<p><img loading=\"lazy\" class=\"aligncenter size-full wp-image-14873\" src=\"http:\/\/www.rhizom.de\/wandern\/wp-content\/uploads\/2019\/09\/20190922-Baumwippe.jpg\" alt=\"Spielideen am Herthaflie\u00df\" width=\"768\" height=\"444\" srcset=\"http:\/\/www.rhizom.de\/wandern\/wp-content\/uploads\/2019\/09\/20190922-Baumwippe.jpg 768w, http:\/\/www.rhizom.de\/wandern\/wp-content\/uploads\/2019\/09\/20190922-Baumwippe-300x173.jpg 300w\" sizes=\"(max-width: 768px) 100vw, 768px\" \/><\/p>\n<p><img loading=\"lazy\" class=\"aligncenter size-full wp-image-14879\" src=\"http:\/\/www.rhizom.de\/wandern\/wp-content\/uploads\/2019\/09\/20190922-Fliess-zur-Schwaerze.jpg\" alt=\"Spielideen am Herthaflie\u00df\" width=\"768\" height=\"444\" srcset=\"http:\/\/www.rhizom.de\/wandern\/wp-content\/uploads\/2019\/09\/20190922-Fliess-zur-Schwaerze.jpg 768w, http:\/\/www.rhizom.de\/wandern\/wp-content\/uploads\/2019\/09\/20190922-Fliess-zur-Schwaerze-300x173.jpg 300w\" sizes=\"(max-width: 768px) 100vw, 768px\" \/><\/p>\n<p><img loading=\"lazy\" class=\"aligncenter size-full wp-image-14880\" src=\"http:\/\/www.rhizom.de\/wandern\/wp-content\/uploads\/2019\/09\/20190922-Fliessrichtung.jpg\" alt=\"Gelenktes Wasser, Herthaflie\u00df vor kleinem Biberbau\" width=\"768\" height=\"444\" srcset=\"http:\/\/www.rhizom.de\/wandern\/wp-content\/uploads\/2019\/09\/20190922-Fliessrichtung.jpg 768w, http:\/\/www.rhizom.de\/wandern\/wp-content\/uploads\/2019\/09\/20190922-Fliessrichtung-300x173.jpg 300w\" sizes=\"(max-width: 768px) 100vw, 768px\" \/><\/p>\n<h2>Fundort Wald<\/h2>\n<p><img loading=\"lazy\" class=\"aligncenter size-full wp-image-14881\" src=\"http:\/\/www.rhizom.de\/wandern\/wp-content\/uploads\/2019\/09\/20190922-Wald-am-Herthafliess.jpg\" alt=\"Wald am Herthaflie\u00df\" width=\"768\" height=\"444\" srcset=\"http:\/\/www.rhizom.de\/wandern\/wp-content\/uploads\/2019\/09\/20190922-Wald-am-Herthafliess.jpg 768w, http:\/\/www.rhizom.de\/wandern\/wp-content\/uploads\/2019\/09\/20190922-Wald-am-Herthafliess-300x173.jpg 300w\" sizes=\"(max-width: 768px) 100vw, 768px\" \/><\/p>\n<p><img loading=\"lazy\" class=\"aligncenter size-full wp-image-14882\" src=\"http:\/\/www.rhizom.de\/wandern\/wp-content\/uploads\/2019\/09\/20190922-Schaedeldach.jpg\" alt=\"Sch\u00e4deldach\" width=\"768\" height=\"444\" srcset=\"http:\/\/www.rhizom.de\/wandern\/wp-content\/uploads\/2019\/09\/20190922-Schaedeldach.jpg 768w, http:\/\/www.rhizom.de\/wandern\/wp-content\/uploads\/2019\/09\/20190922-Schaedeldach-300x173.jpg 300w\" sizes=\"(max-width: 768px) 100vw, 768px\" \/><br \/>\nDas wird doch nicht ein Biber gewesen sein?<br \/>\n\u00dcbrigens kamen Spazierg\u00e4ngerinnen daher, die trugen &#8211; die zwei gr\u00f6\u00dften Steinpilze sicher dieses Jahres! &#8220;Wirklich? Gut, dass Sie das sagen &#8211; wir sind unsicher mit Pilzen&#8230;&#8221; Muss ich doch unbedingt neidisch anmerken in diesem bisher pilzlosen 2019!<\/p>\n<p style=\"text-align: right;\"><em>\u2192 zur\u00fcck zu der <a href=\"http:\/\/www.rhizom.de\/wandern\/2019\/09\/23\/schwaerze\/\">Wanderung an der Schw\u00e4rze<\/a><\/em><\/p>\n","protected":false},"excerpt":{"rendered":"<p>22. Sept. 2019, kinderfreundlich: das Herthaflie\u00df von seinen zwei Quellen (z.Zt. sichtbar sogar ein ganzer Quelltopf) zum &#8220;verstockten&#8221; Wasserfall bis zur M\u00fcndung in die Schw\u00e4rze Von den Quellen bis zum Wasserfall Der verlorene Br\u00fcckenweg In bester Eberswalder Erinnerung 2017, auch bereits mit Biberspuren &#8211; und nun 2019 Im Reich des Bibers Wohnh\u00f6hlen und Biberburg Ursprung &#8230; <a title=\"Herthaflie\u00df f\u00fcr Biber und Kind\" class=\"read-more\" href=\"http:\/\/www.rhizom.de\/wandern\/herthafliess\/\">Read more<\/a><\/p>\n","protected":false},"author":1,"featured_media":0,"parent":0,"menu_order":0,"comment_status":"closed","ping_status":"closed","template":"","meta":{"generate_page_header":""},"tags":[],"_links":{"self":[{"href":"http:\/\/www.rhizom.de\/wandern\/wp-json\/wp\/v2\/pages\/14858"}],"collection":[{"href":"http:\/\/www.rhizom.de\/wandern\/wp-json\/wp\/v2\/pages"}],"about":[{"href":"http:\/\/www.rhizom.de\/wandern\/wp-json\/wp\/v2\/types\/page"}],"author":[{"embeddable":true,"href":"http:\/\/www.rhizom.de\/wandern\/wp-json\/wp\/v2\/users\/1"}],"replies":[{"embeddable":true,"href":"http:\/\/www.rhizom.de\/wandern\/wp-json\/wp\/v2\/comments?post=14858"}],"version-history":[{"count":18,"href":"http:\/\/www.rhizom.de\/wandern\/wp-json\/wp\/v2\/pages\/14858\/revisions"}],"predecessor-version":[{"id":14934,"href":"http:\/\/www.rhizom.de\/wandern\/wp-json\/wp\/v2\/pages\/14858\/revisions\/14934"}],"wp:attachment":[{"href":"http:\/\/www.rhizom.de\/wandern\/wp-json\/wp\/v2\/media?parent=14858"}],"wp:term":[{"taxonomy":"post_tag","embeddable":true,"href":"http:\/\/www.rhizom.de\/wandern\/wp-json\/wp\/v2\/tags?post=14858"}],"curies":[{"name":"wp","href":"https:\/\/api.w.org\/{rel}","templated":true}]}}