{"id":7917,"date":"2018-05-04T11:01:15","date_gmt":"2018-05-04T09:01:15","guid":{"rendered":"http:\/\/www.rhizom.de\/wandern\/?page_id=7917"},"modified":"2018-06-16T10:20:48","modified_gmt":"2018-06-16T08:20:48","slug":"eckernkrug","status":"publish","type":"page","link":"http:\/\/www.rhizom.de\/wandern\/das-ist-mein-blog\/eckernkrug\/","title":{"rendered":"Die R\u00e4uber aus dem Eckernkrug im Schimmerwald"},"content":{"rendered":"<p>&nbsp;<br \/>\n<figure id=\"attachment_8076\" aria-describedby=\"caption-attachment-8076\" style=\"width: 290px\" class=\"wp-caption aligncenter\"><img loading=\"lazy\" src=\"http:\/\/www.rhizom.de\/wandern\/wp-content\/uploads\/2018\/05\/eckerkrug.jpg\" alt=\"F\u00fcr den dicken Mann???\" width=\"300\" height=\"225\" class=\"size-full wp-image-8076\" \/><figcaption id=\"caption-attachment-8076\" class=\"wp-caption-text\">F\u00fcr den dicken Mann???<\/figcaption><\/figure><\/p>\n<p>Einmal wurde ein altes M\u00fctterchen im Schimmerwald zwischen Harzburg und Ilsenburg von der Nacht \u00fcberrascht und suchte im Eckernkrug ein Obdach. In der Nacht aber kamen die dort hausenden R\u00e4uber und f\u00fchrten einen dicken Mann mit sich. Sie leuchteten \u00fcber die Frau, kitzelten ihre Fu\u00dfsohlen, allein sie tat als schliefe sie. Da schlachteten sie den Mann und machten Wurst davon. Ehe die Frau am Morgen fort ging, a\u00df sie auch von der Wurstsuppe und lie\u00df sich eine Wurst f\u00fcr ihre Kinder einpacken. Und als ihr unterwegs zwei M\u00e4nner begegneten, die sie nach dem Eckernkrug fragten, lobte sie die mildt\u00e4tigen Leute dort und zeigte die Wurst. H\u00e4tte sie anderes gesagt, so h\u00e4tte sie sterben m\u00fcssen, denn diese M\u00e4nner waren R\u00e4uber, die sie auf die Probe stellten.<br \/>\nErst in der n\u00e4chsten Ortschaft erz\u00e4hlte die Frau der Obrigkeit alles. Die R\u00e4uber wurden gefasst und sch\u00e4umten vor Wut, dass das M\u00fctterchen sie \u00fcberlistet hatte.<\/p>\n","protected":false},"excerpt":{"rendered":"<p>&nbsp; Einmal wurde ein altes M\u00fctterchen im Schimmerwald zwischen Harzburg und Ilsenburg von der Nacht \u00fcberrascht und suchte im Eckernkrug ein Obdach. In der Nacht aber kamen die dort hausenden R\u00e4uber und f\u00fchrten einen dicken Mann mit sich. Sie leuchteten \u00fcber die Frau, kitzelten ihre Fu\u00dfsohlen, allein sie tat als schliefe sie. Da schlachteten sie &#8230; <a title=\"Die R\u00e4uber aus dem Eckernkrug im Schimmerwald\" class=\"read-more\" href=\"http:\/\/www.rhizom.de\/wandern\/das-ist-mein-blog\/eckernkrug\/\">Read more<\/a><\/p>\n","protected":false},"author":1,"featured_media":0,"parent":143,"menu_order":0,"comment_status":"closed","ping_status":"closed","template":"","meta":{"generate_page_header":""},"tags":[136],"_links":{"self":[{"href":"http:\/\/www.rhizom.de\/wandern\/wp-json\/wp\/v2\/pages\/7917"}],"collection":[{"href":"http:\/\/www.rhizom.de\/wandern\/wp-json\/wp\/v2\/pages"}],"about":[{"href":"http:\/\/www.rhizom.de\/wandern\/wp-json\/wp\/v2\/types\/page"}],"author":[{"embeddable":true,"href":"http:\/\/www.rhizom.de\/wandern\/wp-json\/wp\/v2\/users\/1"}],"replies":[{"embeddable":true,"href":"http:\/\/www.rhizom.de\/wandern\/wp-json\/wp\/v2\/comments?post=7917"}],"version-history":[{"count":6,"href":"http:\/\/www.rhizom.de\/wandern\/wp-json\/wp\/v2\/pages\/7917\/revisions"}],"predecessor-version":[{"id":8079,"href":"http:\/\/www.rhizom.de\/wandern\/wp-json\/wp\/v2\/pages\/7917\/revisions\/8079"}],"up":[{"embeddable":true,"href":"http:\/\/www.rhizom.de\/wandern\/wp-json\/wp\/v2\/pages\/143"}],"wp:attachment":[{"href":"http:\/\/www.rhizom.de\/wandern\/wp-json\/wp\/v2\/media?parent=7917"}],"wp:term":[{"taxonomy":"post_tag","embeddable":true,"href":"http:\/\/www.rhizom.de\/wandern\/wp-json\/wp\/v2\/tags?post=7917"}],"curies":[{"name":"wp","href":"https:\/\/api.w.org\/{rel}","templated":true}]}}